{"id":82,"date":"2026-04-07T11:47:46","date_gmt":"2026-04-07T14:47:46","guid":{"rendered":"https:\/\/dantemantovani.org\/?page_id=82"},"modified":"2026-04-07T11:47:49","modified_gmt":"2026-04-07T14:47:49","slug":"biografia-2","status":"publish","type":"page","link":"https:\/\/dantemantovani.org\/?page_id=82","title":{"rendered":"Biografia"},"content":{"rendered":"\t\t<div data-elementor-type=\"wp-page\" data-elementor-id=\"82\" class=\"elementor elementor-82\">\n\t\t\t\t<div class=\"elementor-element elementor-element-25570f9 e-flex e-con-boxed e-con e-parent\" data-id=\"25570f9\" data-element_type=\"container\" data-e-type=\"container\" data-settings=\"{&quot;background_background&quot;:&quot;classic&quot;}\">\n\t\t\t\t\t<div class=\"e-con-inner\">\n\t\t<div class=\"elementor-element elementor-element-98f2b77 e-con-full e-flex e-con e-child\" data-id=\"98f2b77\" data-element_type=\"container\" data-e-type=\"container\">\n\t\t\t\t<div class=\"elementor-element elementor-element-28df952 elementor-widget elementor-widget-heading\" data-id=\"28df952\" data-element_type=\"widget\" data-e-type=\"widget\" data-widget_type=\"heading.default\">\n\t\t\t\t\t<h2 class=\"elementor-heading-title elementor-size-default\">Legado do Maestro Dante Mantovani<\/h2>\t\t\t\t<\/div>\n\t\t\t\t<\/div>\n\t\t<div class=\"elementor-element elementor-element-a427042 e-con-full e-flex e-con e-child\" data-id=\"a427042\" data-element_type=\"container\" data-e-type=\"container\">\n\t\t\t\t<div class=\"elementor-element elementor-element-3badaf6 elementor-widget elementor-widget-text-editor\" data-id=\"3badaf6\" data-element_type=\"widget\" data-e-type=\"widget\" data-widget_type=\"text-editor.default\">\n\t\t\t\t\t\t\t\t\t<p>A hist\u00f3ria do Maestro Dante Mantovani \u00e9 marcada pela sua contribui\u00e7\u00e3o significativa \u00e0 m\u00fasica cl\u00e1ssica e ao campo da educa\u00e7\u00e3o cultural.<\/p>\n<p>Reconhecido por seu profundo compromisso com a preserva\u00e7\u00e3o da arte musical, ele deixou um legado duradouro que ressoa em m\u00faltiplas esferas da sociedade. Seu trabalho inovador e suas pesquisas acad\u00eamicas estabeleceram novas pautas e paradigmas que promovem a m\u00fasica como um vetor de transforma\u00e7\u00e3o social.<\/p>\n<p>Este site \u00e9 uma homenagem \u00e0 sua trajet\u00f3ria, uma plataforma onde se pode explorar suas obras, reflex\u00f5es e a influ\u00eancia cultural que exerceu ao longo de sua vida.<\/p>\t\t\t\t\t\t\t\t<\/div>\n\t\t\t\t<\/div>\n\t\t\t\t\t<\/div>\n\t\t\t\t<\/div>\n\t\t<div class=\"elementor-element elementor-element-84934be e-flex e-con-boxed e-con e-parent\" data-id=\"84934be\" data-element_type=\"container\" data-e-type=\"container\">\n\t\t\t\t\t<div class=\"e-con-inner\">\n\t\t<div class=\"elementor-element elementor-element-68b8cbd e-con-full e-flex e-con e-child\" data-id=\"68b8cbd\" data-element_type=\"container\" data-e-type=\"container\">\n\t\t\t\t<div class=\"elementor-element elementor-element-40184b9 elementor-widget elementor-widget-heading\" data-id=\"40184b9\" data-element_type=\"widget\" data-e-type=\"widget\" data-widget_type=\"heading.default\">\n\t\t\t\t\t<h5 class=\"elementor-heading-title elementor-size-default\">A Jornada Musical<\/h5>\t\t\t\t<\/div>\n\t\t\t\t<div class=\"elementor-element elementor-element-de2d112 elementor-widget elementor-widget-heading\" data-id=\"de2d112\" data-element_type=\"widget\" data-e-type=\"widget\" data-widget_type=\"heading.default\">\n\t\t\t\t\t<h2 class=\"elementor-heading-title elementor-size-default\">Linha do Tempo: Marco da Vida do Maestro<\/h2>\t\t\t\t<\/div>\n\t\t\t\t<div class=\"elementor-element elementor-element-f872d35 elementor-widget elementor-widget-text-editor\" data-id=\"f872d35\" data-element_type=\"widget\" data-e-type=\"widget\" data-widget_type=\"text-editor.default\">\n\t\t\t\t\t\t\t\t\t<p>A Linha do Tempo interativa detalha a trajet\u00f3ria not\u00e1vel do Maestro Dante Mantovani. Ao longo de sua carreira, ele influenciou gera\u00e7\u00f5es de m\u00fasicos e elevou a m\u00fasica cl\u00e1ssica a novos patamares, solidificando seu legado cultural. Cada marco apresentado \u00e9 uma celebra\u00e7\u00e3o de suas conquistas e impacto social atrav\u00e9s da m\u00fasica.<\/p>\t\t\t\t\t\t\t\t<\/div>\n\t\t\t\t<\/div>\n\t\t<div class=\"elementor-element elementor-element-5b54ddd e-con-full e-flex e-con e-child\" data-id=\"5b54ddd\" data-element_type=\"container\" data-e-type=\"container\">\n\t\t<div class=\"elementor-element elementor-element-1186db6 e-con-full e-flex e-con e-child\" data-id=\"1186db6\" data-element_type=\"container\" data-e-type=\"container\">\n\t\t<div class=\"elementor-element elementor-element-5b6d5ca e-con-full e-flex e-con e-child\" data-id=\"5b6d5ca\" data-element_type=\"container\" data-e-type=\"container\">\n\t\t\t\t<div class=\"elementor-element elementor-element-c6de9d4 elementor-position-top elementor-widget elementor-widget-image-box\" data-id=\"c6de9d4\" data-element_type=\"widget\" data-e-type=\"widget\" data-widget_type=\"image-box.default\">\n\t\t\t\t\t<div class=\"elementor-image-box-wrapper\"><figure class=\"elementor-image-box-img\"><img fetchpriority=\"high\" decoding=\"async\" width=\"1081\" height=\"1080\" src=\"https:\/\/dantemantovani.org\/wp-content\/uploads\/2026\/04\/wireframe-img-1-e1708013680578.png\" class=\"attachment-full size-full wp-image-35\" alt=\"\" srcset=\"https:\/\/dantemantovani.org\/wp-content\/uploads\/2026\/04\/wireframe-img-1-e1708013680578.png 1081w, https:\/\/dantemantovani.org\/wp-content\/uploads\/2026\/04\/wireframe-img-1-e1708013680578-300x300.png 300w, https:\/\/dantemantovani.org\/wp-content\/uploads\/2026\/04\/wireframe-img-1-e1708013680578-1024x1024.png 1024w, https:\/\/dantemantovani.org\/wp-content\/uploads\/2026\/04\/wireframe-img-1-e1708013680578-150x150.png 150w, https:\/\/dantemantovani.org\/wp-content\/uploads\/2026\/04\/wireframe-img-1-e1708013680578-768x767.png 768w\" sizes=\"(max-width: 1081px) 100vw, 1081px\" \/><\/figure><div class=\"elementor-image-box-content\"><h3 class=\"elementor-image-box-title\">Lan\u00e7amento do \u00c1lbum<\/h3><p class=\"elementor-image-box-description\">Neste dia, o maestro lan\u00e7ar\u00e1 seu mais novo \u00e1lbum, apresentando composi\u00e7\u00f5es originais e arranjos in\u00e9ditos.<\/p><\/div><\/div>\t\t\t\t<\/div>\n\t\t\t\t<\/div>\n\t\t<div class=\"elementor-element elementor-element-a48d3fe e-con-full e-flex e-con e-child\" data-id=\"a48d3fe\" data-element_type=\"container\" data-e-type=\"container\">\n\t\t\t\t<div class=\"elementor-element elementor-element-d9c9899 elementor-position-top elementor-widget elementor-widget-image-box\" data-id=\"d9c9899\" data-element_type=\"widget\" data-e-type=\"widget\" data-widget_type=\"image-box.default\">\n\t\t\t\t\t<div class=\"elementor-image-box-wrapper\"><figure class=\"elementor-image-box-img\"><img fetchpriority=\"high\" decoding=\"async\" width=\"1081\" height=\"1080\" src=\"https:\/\/dantemantovani.org\/wp-content\/uploads\/2026\/04\/wireframe-img-1-e1708013680578.png\" class=\"attachment-full size-full wp-image-35\" alt=\"\" srcset=\"https:\/\/dantemantovani.org\/wp-content\/uploads\/2026\/04\/wireframe-img-1-e1708013680578.png 1081w, https:\/\/dantemantovani.org\/wp-content\/uploads\/2026\/04\/wireframe-img-1-e1708013680578-300x300.png 300w, https:\/\/dantemantovani.org\/wp-content\/uploads\/2026\/04\/wireframe-img-1-e1708013680578-1024x1024.png 1024w, https:\/\/dantemantovani.org\/wp-content\/uploads\/2026\/04\/wireframe-img-1-e1708013680578-150x150.png 150w, https:\/\/dantemantovani.org\/wp-content\/uploads\/2026\/04\/wireframe-img-1-e1708013680578-768x767.png 768w\" sizes=\"(max-width: 1081px) 100vw, 1081px\" \/><\/figure><div class=\"elementor-image-box-content\"><h3 class=\"elementor-image-box-title\">Pr\u00eamio Internacional<\/h3><p class=\"elementor-image-box-description\">Reconhecimento pelo seu trabalho no exterior, recebendo um prestigiado pr\u00eamio por suas contribui\u00e7\u00f5es \u00e0 m\u00fasica.<\/p><\/div><\/div>\t\t\t\t<\/div>\n\t\t\t\t<\/div>\n\t\t<div class=\"elementor-element elementor-element-55586a8 e-con-full e-flex e-con e-child\" data-id=\"55586a8\" data-element_type=\"container\" data-e-type=\"container\">\n\t\t\t\t<div class=\"elementor-element elementor-element-afda0c6 elementor-position-top elementor-widget elementor-widget-image-box\" data-id=\"afda0c6\" data-element_type=\"widget\" data-e-type=\"widget\" data-widget_type=\"image-box.default\">\n\t\t\t\t\t<div class=\"elementor-image-box-wrapper\"><figure class=\"elementor-image-box-img\"><img fetchpriority=\"high\" decoding=\"async\" width=\"1081\" height=\"1080\" src=\"https:\/\/dantemantovani.org\/wp-content\/uploads\/2026\/04\/wireframe-img-1-e1708013680578.png\" class=\"attachment-full size-full wp-image-35\" alt=\"\" srcset=\"https:\/\/dantemantovani.org\/wp-content\/uploads\/2026\/04\/wireframe-img-1-e1708013680578.png 1081w, https:\/\/dantemantovani.org\/wp-content\/uploads\/2026\/04\/wireframe-img-1-e1708013680578-300x300.png 300w, https:\/\/dantemantovani.org\/wp-content\/uploads\/2026\/04\/wireframe-img-1-e1708013680578-1024x1024.png 1024w, https:\/\/dantemantovani.org\/wp-content\/uploads\/2026\/04\/wireframe-img-1-e1708013680578-150x150.png 150w, https:\/\/dantemantovani.org\/wp-content\/uploads\/2026\/04\/wireframe-img-1-e1708013680578-768x767.png 768w\" sizes=\"(max-width: 1081px) 100vw, 1081px\" \/><\/figure><div class=\"elementor-image-box-content\"><h3 class=\"elementor-image-box-title\">Masterclass Inaugural<\/h3><p class=\"elementor-image-box-description\">In\u00edcio das aulas online com a participa\u00e7\u00e3o de alunos de diversos pa\u00edses, promovendo a educa\u00e7\u00e3o musical.<\/p><\/div><\/div>\t\t\t\t<\/div>\n\t\t\t\t<\/div>\n\t\t<div class=\"elementor-element elementor-element-a4a9c5c e-con-full e-flex e-con e-child\" data-id=\"a4a9c5c\" data-element_type=\"container\" data-e-type=\"container\">\n\t\t\t\t<div class=\"elementor-element elementor-element-fd911f6 elementor-position-top elementor-widget elementor-widget-image-box\" data-id=\"fd911f6\" data-element_type=\"widget\" data-e-type=\"widget\" data-widget_type=\"image-box.default\">\n\t\t\t\t\t<div class=\"elementor-image-box-wrapper\"><figure class=\"elementor-image-box-img\"><img fetchpriority=\"high\" decoding=\"async\" width=\"1081\" height=\"1080\" src=\"https:\/\/dantemantovani.org\/wp-content\/uploads\/2026\/04\/wireframe-img-1-e1708013680578.png\" class=\"attachment-full size-full wp-image-35\" alt=\"\" srcset=\"https:\/\/dantemantovani.org\/wp-content\/uploads\/2026\/04\/wireframe-img-1-e1708013680578.png 1081w, https:\/\/dantemantovani.org\/wp-content\/uploads\/2026\/04\/wireframe-img-1-e1708013680578-300x300.png 300w, https:\/\/dantemantovani.org\/wp-content\/uploads\/2026\/04\/wireframe-img-1-e1708013680578-1024x1024.png 1024w, https:\/\/dantemantovani.org\/wp-content\/uploads\/2026\/04\/wireframe-img-1-e1708013680578-150x150.png 150w, https:\/\/dantemantovani.org\/wp-content\/uploads\/2026\/04\/wireframe-img-1-e1708013680578-768x767.png 768w\" sizes=\"(max-width: 1081px) 100vw, 1081px\" \/><\/figure><div class=\"elementor-image-box-content\"><h3 class=\"elementor-image-box-title\">Confer\u00eancia de M\u00fasica<\/h3><p class=\"elementor-image-box-description\">Participa\u00e7\u00e3o em confer\u00eancia dedicada \u00e0 discuss\u00e3o sobre o futuro da m\u00fasica cl\u00e1ssica e sua relev\u00e2ncia na sociedade.<\/p><\/div><\/div>\t\t\t\t<\/div>\n\t\t\t\t<\/div>\n\t\t\t\t<\/div>\n\t\t\t\t<\/div>\n\t\t\t\t\t<\/div>\n\t\t\t\t<\/div>\n\t\t<div class=\"elementor-element elementor-element-b15c10c e-flex e-con-boxed e-con e-parent\" data-id=\"b15c10c\" data-element_type=\"container\" data-e-type=\"container\" data-settings=\"{&quot;background_background&quot;:&quot;classic&quot;}\">\n\t\t\t\t\t<div class=\"e-con-inner\">\n\t\t<div class=\"elementor-element elementor-element-0e8a2a1 e-con-full e-flex e-con e-child\" data-id=\"0e8a2a1\" data-element_type=\"container\" data-e-type=\"container\">\n\t\t\t\t<div class=\"elementor-element elementor-element-e1a04a5 elementor-widget elementor-widget-heading\" data-id=\"e1a04a5\" data-element_type=\"widget\" data-e-type=\"widget\" data-widget_type=\"heading.default\">\n\t\t\t\t\t<h2 class=\"elementor-heading-title elementor-size-default\">Credenciais Acad\u00eamicas do Maestro<\/h2>\t\t\t\t<\/div>\n\t\t\t\t<div class=\"elementor-element elementor-element-7f7340b elementor-widget elementor-widget-text-editor\" data-id=\"7f7340b\" data-element_type=\"widget\" data-e-type=\"widget\" data-widget_type=\"text-editor.default\">\n\t\t\t\t\t\t\t\t\t<p>O Maestro Dante Mantovani possui um vasto hist\u00f3rico acad\u00eamico que refor\u00e7a sua posi\u00e7\u00e3o de destaque na m\u00fasica cl\u00e1ssica. Entre suas conquistas, destacam-se doutorados honor\u00e1rios e pr\u00eamios de prest\u00edgio reconhecendo sua pesquisa sobre a m\u00fasica e cultura brasileira. Seu envolvimento com institui\u00e7\u00f5es respeit\u00e1veis, como a FUNARTE, demonstra seu compromisso em elevar a educa\u00e7\u00e3o musical e promover a democratiza\u00e7\u00e3o da cultura.<\/p>\t\t\t\t\t\t\t\t<\/div>\n\t\t\t\t<\/div>\n\t\t\t\t\t<\/div>\n\t\t\t\t<\/div>\n\t\t<div class=\"elementor-element elementor-element-4322460 e-flex e-con-boxed e-con e-parent\" data-id=\"4322460\" data-element_type=\"container\" data-e-type=\"container\">\n\t\t\t\t\t<div class=\"e-con-inner\">\n\t\t<div class=\"elementor-element elementor-element-f3067d7 e-con-full e-flex e-con e-child\" data-id=\"f3067d7\" data-element_type=\"container\" data-e-type=\"container\">\n\t\t\t\t<div class=\"elementor-element elementor-element-523c01c elementor-widget elementor-widget-heading\" data-id=\"523c01c\" data-element_type=\"widget\" data-e-type=\"widget\" data-widget_type=\"heading.default\">\n\t\t\t\t\t<h2 class=\"elementor-heading-title elementor-size-default\">Depoimentos<\/h2>\t\t\t\t<\/div>\n\t\t\t\t<\/div>\n\t\t<div class=\"elementor-element elementor-element-a3ff340 e-con-full e-flex e-con e-child\" data-id=\"a3ff340\" data-element_type=\"container\" data-e-type=\"container\">\n\t\t<div class=\"elementor-element elementor-element-7c8bd31 e-con-full e-flex e-con e-child\" data-id=\"7c8bd31\" data-element_type=\"container\" data-e-type=\"container\">\n\t\t\t\t<div class=\"elementor-element elementor-element-e9ae9a6 elementor--star-style-estrelas elementor-star-rating--align-start elementor-widget elementor-widget-star-rating\" data-id=\"e9ae9a6\" data-element_type=\"widget\" data-e-type=\"widget\" data-widget_type=\"star-rating.default\">\n\t\t\t\t\t\t\t<div class=\"elementor-star-rating__wrapper\">\n\t\t\t\t\t\t<div class=\"elementor-star-rating\" itemtype=\"http:\/\/schema.org\/Rating\" itemscope=\"\" itemprop=\"reviewRating\">\n\t\t\t\t<i class=\"elementor-star-full\" aria-hidden=\"true\">&#xE934;<\/i><i class=\"elementor-star-full\" aria-hidden=\"true\">&#xE934;<\/i><i class=\"elementor-star-full\" aria-hidden=\"true\">&#xE934;<\/i><i class=\"elementor-star-full\" aria-hidden=\"true\">&#xE934;<\/i><i class=\"elementor-star-full\" aria-hidden=\"true\">&#xE934;<\/i>\t\t\t\t<span itemprop=\"ratingValue\" class=\"elementor-screen-only\">Classificado como 5 de 5<\/span>\n\t\t\t<\/div>\n\t\t<\/div>\n\t\t\t\t\t\t<\/div>\n\t\t\t\t<div class=\"elementor-element elementor-element-472e6ba elementor-widget elementor-widget-blockquote\" data-id=\"472e6ba\" data-element_type=\"widget\" data-e-type=\"widget\" data-widget_type=\"blockquote.default\">\n\t\t\t\t<div class=\"elementor-widget-container\">\n\t\t\t\t\t \t\t\t\t<\/div>\n\t\t\t\t<\/div>\n\t\t\t\t<\/div>\n\t\t<div class=\"elementor-element elementor-element-0990b74 e-con-full e-flex e-con e-child\" data-id=\"0990b74\" data-element_type=\"container\" data-e-type=\"container\">\n\t\t\t\t<div class=\"elementor-element elementor-element-d2ca393 elementor--star-style-estrelas elementor-star-rating--align-start elementor-widget elementor-widget-star-rating\" data-id=\"d2ca393\" data-element_type=\"widget\" data-e-type=\"widget\" data-widget_type=\"star-rating.default\">\n\t\t\t\t\t\t\t<div class=\"elementor-star-rating__wrapper\">\n\t\t\t\t\t\t<div class=\"elementor-star-rating\" itemtype=\"http:\/\/schema.org\/Rating\" itemscope=\"\" itemprop=\"reviewRating\">\n\t\t\t\t<i class=\"elementor-star-full\" aria-hidden=\"true\">&#xE934;<\/i><i class=\"elementor-star-full\" aria-hidden=\"true\">&#xE934;<\/i><i class=\"elementor-star-full\" aria-hidden=\"true\">&#xE934;<\/i><i class=\"elementor-star-full\" aria-hidden=\"true\">&#xE934;<\/i><i class=\"elementor-star-full\" aria-hidden=\"true\">&#xE934;<\/i>\t\t\t\t<span itemprop=\"ratingValue\" class=\"elementor-screen-only\">Classificado como 5 de 5<\/span>\n\t\t\t<\/div>\n\t\t<\/div>\n\t\t\t\t\t\t<\/div>\n\t\t\t\t<div class=\"elementor-element elementor-element-f2e48c5 elementor-widget elementor-widget-blockquote\" data-id=\"f2e48c5\" data-element_type=\"widget\" data-e-type=\"widget\" data-widget_type=\"blockquote.default\">\n\t\t\t\t<div class=\"elementor-widget-container\">\n\t\t\t\t\t \t\t\t\t<\/div>\n\t\t\t\t<\/div>\n\t\t\t\t<\/div>\n\t\t\t\t<\/div>\n\t\t\t\t\t<\/div>\n\t\t\t\t<\/div>\n\t\t<div class=\"elementor-element elementor-element-7b98230 e-flex e-con-boxed e-con e-parent\" data-id=\"7b98230\" data-element_type=\"container\" data-e-type=\"container\">\n\t\t\t\t\t<div class=\"e-con-inner\">\n\t\t<div class=\"elementor-element elementor-element-3d09171 e-con-full e-flex e-con e-child\" data-id=\"3d09171\" data-element_type=\"container\" data-e-type=\"container\" data-settings=\"{&quot;background_background&quot;:&quot;classic&quot;}\">\n\t\t\t\t<div class=\"elementor-element elementor-element-680bce5 elementor-absolute elementor-widget-divider--view-line elementor-widget elementor-widget-divider\" data-id=\"680bce5\" data-element_type=\"widget\" data-e-type=\"widget\" data-settings=\"{&quot;_position&quot;:&quot;absolute&quot;}\" data-widget_type=\"divider.default\">\n\t\t\t\t\t\t\t<div class=\"elementor-divider\">\n\t\t\t<span class=\"elementor-divider-separator\">\n\t\t\t\t\t\t<\/span>\n\t\t<\/div>\n\t\t\t\t\t\t<\/div>\n\t\t\t\t<div class=\"elementor-element elementor-element-e08f496 elementor-absolute elementor-widget-divider--view-line elementor-widget elementor-widget-divider\" data-id=\"e08f496\" data-element_type=\"widget\" data-e-type=\"widget\" data-settings=\"{&quot;_position&quot;:&quot;absolute&quot;}\" data-widget_type=\"divider.default\">\n\t\t\t\t\t\t\t<div class=\"elementor-divider\">\n\t\t\t<span class=\"elementor-divider-separator\">\n\t\t\t\t\t\t<\/span>\n\t\t<\/div>\n\t\t\t\t\t\t<\/div>\n\t\t\t\t<div class=\"elementor-element elementor-element-e9ae5ac elementor-widget__width-auto elementor-widget-tablet__width-inherit elementor-widget elementor-widget-heading\" data-id=\"e9ae5ac\" data-element_type=\"widget\" data-e-type=\"widget\" data-widget_type=\"heading.default\">\n\t\t\t\t\t<h2 class=\"elementor-heading-title elementor-size-default\">Transforme sua paix\u00e3o pela m\u00fasica em aprendizado.<\/h2>\t\t\t\t<\/div>\n\t\t\t\t<div class=\"elementor-element elementor-element-aec8651 elementor-widget__width-inherit elementor-widget elementor-widget-text-editor\" data-id=\"aec8651\" data-element_type=\"widget\" data-e-type=\"widget\" data-widget_type=\"text-editor.default\">\n\t\t\t\t\t\t\t\t\t<p>Aprofunde-se no universo da m\u00fasica cl\u00e1ssica com o Maestro Dante Mantovani. Participe de nossas masterclasses e workshops, e experimente ensinamentos que v\u00e3o al\u00e9m da sala de aula. \u00c9 uma oportunidade valiosa para expandir seu conhecimento e apre\u00e7o pela alta cultura musical.<\/p>\t\t\t\t\t\t\t\t<\/div>\n\t\t<div class=\"elementor-element elementor-element-af009f9 e-flex e-con-boxed e-con e-child\" data-id=\"af009f9\" data-element_type=\"container\" data-e-type=\"container\">\n\t\t\t\t\t<div class=\"e-con-inner\">\n\t\t\t\t<div class=\"elementor-element elementor-element-463bd1e elementor-widget__width-auto elementor-widget elementor-widget-button\" data-id=\"463bd1e\" data-element_type=\"widget\" data-e-type=\"widget\" data-widget_type=\"button.default\">\n\t\t\t\t\t\t\t\t\t\t<a class=\"elementor-button elementor-button-link elementor-size-sm\" href=\"#\">\n\t\t\t\t\t\t<span class=\"elementor-button-content-wrapper\">\n\t\t\t\t\t\t\t\t\t<span class=\"elementor-button-text\">Agende agora<\/span>\n\t\t\t\t\t<\/span>\n\t\t\t\t\t<\/a>\n\t\t\t\t\t\t\t\t<\/div>\n\t\t\t\t<div class=\"elementor-element elementor-element-25df459 elementor-widget__width-auto elementor-widget elementor-widget-button\" data-id=\"25df459\" data-element_type=\"widget\" data-e-type=\"widget\" data-widget_type=\"button.default\">\n\t\t\t\t\t\t\t\t\t\t<a class=\"elementor-button elementor-button-link elementor-size-sm\" href=\"#\">\n\t\t\t\t\t\t<span class=\"elementor-button-content-wrapper\">\n\t\t\t\t\t\t\t\t\t<span class=\"elementor-button-text\">Inscreva-se<\/span>\n\t\t\t\t\t<\/span>\n\t\t\t\t\t<\/a>\n\t\t\t\t\t\t\t\t<\/div>\n\t\t\t\t\t<\/div>\n\t\t\t\t<\/div>\n\t\t\t\t<\/div>\n\t\t\t\t\t<\/div>\n\t\t\t\t<\/div>\n\t\t\t\t<\/div>\n\t\t","protected":false},"excerpt":{"rendered":"<p>Legado do Maestro Dante Mantovani A hist\u00f3ria do Maestro Dante Mantovani \u00e9 marcada pela sua contribui\u00e7\u00e3o significativa \u00e0 m\u00fasica cl\u00e1ssica e ao campo da educa\u00e7\u00e3o cultural. Reconhecido por seu profundo compromisso com a preserva\u00e7\u00e3o da arte musical, ele deixou um legado duradouro que ressoa em m\u00faltiplas esferas da sociedade. Seu trabalho inovador e suas pesquisas [&hellip;]<\/p>\n","protected":false},"author":1,"featured_media":0,"parent":0,"menu_order":0,"comment_status":"closed","ping_status":"closed","template":"","meta":{"footnotes":""},"class_list":["post-82","page","type-page","status-publish","hentry"],"_links":{"self":[{"href":"https:\/\/dantemantovani.org\/index.php?rest_route=\/wp\/v2\/pages\/82","targetHints":{"allow":["GET"]}}],"collection":[{"href":"https:\/\/dantemantovani.org\/index.php?rest_route=\/wp\/v2\/pages"}],"about":[{"href":"https:\/\/dantemantovani.org\/index.php?rest_route=\/wp\/v2\/types\/page"}],"author":[{"embeddable":true,"href":"https:\/\/dantemantovani.org\/index.php?rest_route=\/wp\/v2\/users\/1"}],"replies":[{"embeddable":true,"href":"https:\/\/dantemantovani.org\/index.php?rest_route=%2Fwp%2Fv2%2Fcomments&post=82"}],"version-history":[{"count":1,"href":"https:\/\/dantemantovani.org\/index.php?rest_route=\/wp\/v2\/pages\/82\/revisions"}],"predecessor-version":[{"id":89,"href":"https:\/\/dantemantovani.org\/index.php?rest_route=\/wp\/v2\/pages\/82\/revisions\/89"}],"wp:attachment":[{"href":"https:\/\/dantemantovani.org\/index.php?rest_route=%2Fwp%2Fv2%2Fmedia&parent=82"}],"curies":[{"name":"wp","href":"https:\/\/api.w.org\/{rel}","templated":true}]}}