{"id":81,"date":"2026-04-07T11:47:46","date_gmt":"2026-04-07T14:47:46","guid":{"rendered":"https:\/\/dantemantovani.org\/?page_id=81"},"modified":"2026-04-07T11:47:50","modified_gmt":"2026-04-07T14:47:50","slug":"acervo-historico-2","status":"publish","type":"page","link":"https:\/\/dantemantovani.org\/?page_id=81","title":{"rendered":"Acervo Hist\u00f3rico"},"content":{"rendered":"\t\t<div data-elementor-type=\"wp-page\" data-elementor-id=\"81\" class=\"elementor elementor-81\">\n\t\t\t\t<div class=\"elementor-element elementor-element-afcbbff e-flex e-con-boxed e-con e-parent\" data-id=\"afcbbff\" data-element_type=\"container\" data-e-type=\"container\" data-settings=\"{&quot;background_background&quot;:&quot;classic&quot;}\">\n\t\t\t\t\t<div class=\"e-con-inner\">\n\t\t<div class=\"elementor-element elementor-element-924c331 e-con-full e-flex e-con e-child\" data-id=\"924c331\" data-element_type=\"container\" data-e-type=\"container\">\n\t\t\t\t<div class=\"elementor-element elementor-element-6192d4b elementor-widget elementor-widget-heading\" data-id=\"6192d4b\" data-element_type=\"widget\" data-e-type=\"widget\" data-widget_type=\"heading.default\">\n\t\t\t\t\t<h5 class=\"elementor-heading-title elementor-size-default\">Legado Musical<\/h5>\t\t\t\t<\/div>\n\t\t\t\t<div class=\"elementor-element elementor-element-5c6ffb5 elementor-widget elementor-widget-heading\" data-id=\"5c6ffb5\" data-element_type=\"widget\" data-e-type=\"widget\" data-widget_type=\"heading.default\">\n\t\t\t\t\t<h2 class=\"elementor-heading-title elementor-size-default\">Mestre da M\u00fasica Cl\u00e1ssica<\/h2>\t\t\t\t<\/div>\n\t\t\t\t<div class=\"elementor-element elementor-element-080f2e6 elementor-widget elementor-widget-text-editor\" data-id=\"080f2e6\" data-element_type=\"widget\" data-e-type=\"widget\" data-widget_type=\"text-editor.default\">\n\t\t\t\t\t\t\t\t\t<p>Explore o vasto acervo de Maestro Dante Mantovani, que reflete sua paix\u00e3o e contribui\u00e7\u00e3o para a m\u00fasica cl\u00e1ssica e a educa\u00e7\u00e3o art\u00edstica.<\/p>\t\t\t\t\t\t\t\t<\/div>\n\t\t<div class=\"elementor-element elementor-element-0ddfc1c e-con-full e-flex e-con e-child\" data-id=\"0ddfc1c\" data-element_type=\"container\" data-e-type=\"container\">\n\t\t\t\t<div class=\"elementor-element elementor-element-1d0df00 elementor-widget__width-auto elementor-mobile-align-right elementor-widget elementor-widget-button\" data-id=\"1d0df00\" data-element_type=\"widget\" data-e-type=\"widget\" data-widget_type=\"button.default\">\n\t\t\t\t\t\t\t\t\t\t<a class=\"elementor-button elementor-button-link elementor-size-sm\" href=\"#\">\n\t\t\t\t\t\t<span class=\"elementor-button-content-wrapper\">\n\t\t\t\t\t\t\t\t\t<span class=\"elementor-button-text\">Saiba Mais<\/span>\n\t\t\t\t\t<\/span>\n\t\t\t\t\t<\/a>\n\t\t\t\t\t\t\t\t<\/div>\n\t\t\t\t<div class=\"elementor-element elementor-element-955cf10 elementor-widget__width-auto elementor-mobile-align-right elementor-widget elementor-widget-button\" data-id=\"955cf10\" data-element_type=\"widget\" data-e-type=\"widget\" data-widget_type=\"button.default\">\n\t\t\t\t\t\t\t\t\t\t<a class=\"elementor-button elementor-button-link elementor-size-sm\" href=\"#\">\n\t\t\t\t\t\t<span class=\"elementor-button-content-wrapper\">\n\t\t\t\t\t\t\t\t\t<span class=\"elementor-button-text\">Visite a Galeria<\/span>\n\t\t\t\t\t<\/span>\n\t\t\t\t\t<\/a>\n\t\t\t\t\t\t\t\t<\/div>\n\t\t\t\t<\/div>\n\t\t\t\t<\/div>\n\t\t\t\t\t<\/div>\n\t\t\t\t<\/div>\n\t\t<div class=\"elementor-element elementor-element-84934be e-flex e-con-boxed e-con e-parent\" data-id=\"84934be\" data-element_type=\"container\" data-e-type=\"container\">\n\t\t\t\t\t<div class=\"e-con-inner\">\n\t\t<div class=\"elementor-element elementor-element-68b8cbd e-con-full e-flex e-con e-child\" data-id=\"68b8cbd\" data-element_type=\"container\" data-e-type=\"container\">\n\t\t\t\t<div class=\"elementor-element elementor-element-40184b9 elementor-widget elementor-widget-heading\" data-id=\"40184b9\" data-element_type=\"widget\" data-e-type=\"widget\" data-widget_type=\"heading.default\">\n\t\t\t\t\t<h5 class=\"elementor-heading-title elementor-size-default\">Legado Musical Supremo<\/h5>\t\t\t\t<\/div>\n\t\t\t\t<div class=\"elementor-element elementor-element-de2d112 elementor-widget elementor-widget-heading\" data-id=\"de2d112\" data-element_type=\"widget\" data-e-type=\"widget\" data-widget_type=\"heading.default\">\n\t\t\t\t\t<h2 class=\"elementor-heading-title elementor-size-default\">Linha do Tempo: Momentos Marquantes da M\u00fasica Cl\u00e1ssica<\/h2>\t\t\t\t<\/div>\n\t\t\t\t<div class=\"elementor-element elementor-element-f872d35 elementor-widget elementor-widget-text-editor\" data-id=\"f872d35\" data-element_type=\"widget\" data-e-type=\"widget\" data-widget_type=\"text-editor.default\">\n\t\t\t\t\t\t\t\t\t<p>A hist\u00f3ria da m\u00fasica cl\u00e1ssica est\u00e1 repleta de eventos fundamentais que moldaram a nossa cultura. Esta linha do tempo interativa oferece uma vis\u00e3o cronol\u00f3gica rica e informativa, ideal para pesquisadores e amantes da m\u00fasica. Cada evento destacado narra uma parte significativa do legado de important\u00edssimos compositores e performers, promovendo um entendimento profundo da evolu\u00e7\u00e3o musical ao longo dos s\u00e9culos.<\/p>\t\t\t\t\t\t\t\t<\/div>\n\t\t\t\t<\/div>\n\t\t<div class=\"elementor-element elementor-element-5b54ddd e-con-full e-flex e-con e-child\" data-id=\"5b54ddd\" data-element_type=\"container\" data-e-type=\"container\">\n\t\t<div class=\"elementor-element elementor-element-1186db6 e-con-full e-flex e-con e-child\" data-id=\"1186db6\" data-element_type=\"container\" data-e-type=\"container\">\n\t\t<div class=\"elementor-element elementor-element-a48d3fe e-con-full e-flex e-con e-child\" data-id=\"a48d3fe\" data-element_type=\"container\" data-e-type=\"container\">\n\t\t\t\t<div class=\"elementor-element elementor-element-d9c9899 elementor-position-top elementor-widget elementor-widget-image-box\" data-id=\"d9c9899\" data-element_type=\"widget\" data-e-type=\"widget\" data-widget_type=\"image-box.default\">\n\t\t\t\t\t<div class=\"elementor-image-box-wrapper\"><figure class=\"elementor-image-box-img\"><img fetchpriority=\"high\" decoding=\"async\" width=\"1081\" height=\"1080\" src=\"https:\/\/dantemantovani.org\/wp-content\/uploads\/2026\/04\/wireframe-img-1-e1708013680578.png\" class=\"attachment-full size-full wp-image-35\" alt=\"\" srcset=\"https:\/\/dantemantovani.org\/wp-content\/uploads\/2026\/04\/wireframe-img-1-e1708013680578.png 1081w, https:\/\/dantemantovani.org\/wp-content\/uploads\/2026\/04\/wireframe-img-1-e1708013680578-300x300.png 300w, https:\/\/dantemantovani.org\/wp-content\/uploads\/2026\/04\/wireframe-img-1-e1708013680578-1024x1024.png 1024w, https:\/\/dantemantovani.org\/wp-content\/uploads\/2026\/04\/wireframe-img-1-e1708013680578-150x150.png 150w, https:\/\/dantemantovani.org\/wp-content\/uploads\/2026\/04\/wireframe-img-1-e1708013680578-768x767.png 768w\" sizes=\"(max-width: 1081px) 100vw, 1081px\" \/><\/figure><div class=\"elementor-image-box-content\"><h3 class=\"elementor-image-box-title\">24 de Fevereiro: In\u00edcio da Turn\u00ea<\/h3><p class=\"elementor-image-box-description\">O in\u00edcio da turn\u00ea nacional que marca a difus\u00e3o dos conceitos de m\u00fasica cl\u00e1ssica para novas audi\u00eancias. O maestro aborda novas pr\u00e1ticas e formas de inclus\u00e3o no meio musical.<\/p><\/div><\/div>\t\t\t\t<\/div>\n\t\t\t\t<\/div>\n\t\t<div class=\"elementor-element elementor-element-55586a8 e-con-full e-flex e-con e-child\" data-id=\"55586a8\" data-element_type=\"container\" data-e-type=\"container\">\n\t\t\t\t<div class=\"elementor-element elementor-element-afda0c6 elementor-position-top elementor-widget elementor-widget-image-box\" data-id=\"afda0c6\" data-element_type=\"widget\" data-e-type=\"widget\" data-widget_type=\"image-box.default\">\n\t\t\t\t\t<div class=\"elementor-image-box-wrapper\"><figure class=\"elementor-image-box-img\"><img fetchpriority=\"high\" decoding=\"async\" width=\"1081\" height=\"1080\" src=\"https:\/\/dantemantovani.org\/wp-content\/uploads\/2026\/04\/wireframe-img-1-e1708013680578.png\" class=\"attachment-full size-full wp-image-35\" alt=\"\" srcset=\"https:\/\/dantemantovani.org\/wp-content\/uploads\/2026\/04\/wireframe-img-1-e1708013680578.png 1081w, https:\/\/dantemantovani.org\/wp-content\/uploads\/2026\/04\/wireframe-img-1-e1708013680578-300x300.png 300w, https:\/\/dantemantovani.org\/wp-content\/uploads\/2026\/04\/wireframe-img-1-e1708013680578-1024x1024.png 1024w, https:\/\/dantemantovani.org\/wp-content\/uploads\/2026\/04\/wireframe-img-1-e1708013680578-150x150.png 150w, https:\/\/dantemantovani.org\/wp-content\/uploads\/2026\/04\/wireframe-img-1-e1708013680578-768x767.png 768w\" sizes=\"(max-width: 1081px) 100vw, 1081px\" \/><\/figure><div class=\"elementor-image-box-content\"><h3 class=\"elementor-image-box-title\">28 de Fevereiro: Lan\u00e7amento de Obra<\/h3><p class=\"elementor-image-box-description\">Lan\u00e7amento de uma obra in\u00e9dita, que reflete as influ\u00eancias culturais e sociais do contexto atual. Uma contribui\u00e7\u00e3o importante para a cena musical contempor\u00e2nea.<\/p><\/div><\/div>\t\t\t\t<\/div>\n\t\t\t\t<\/div>\n\t\t<div class=\"elementor-element elementor-element-a4a9c5c e-con-full e-flex e-con e-child\" data-id=\"a4a9c5c\" data-element_type=\"container\" data-e-type=\"container\">\n\t\t\t\t<div class=\"elementor-element elementor-element-fd911f6 elementor-position-top elementor-widget elementor-widget-image-box\" data-id=\"fd911f6\" data-element_type=\"widget\" data-e-type=\"widget\" data-widget_type=\"image-box.default\">\n\t\t\t\t\t<div class=\"elementor-image-box-wrapper\"><figure class=\"elementor-image-box-img\"><img fetchpriority=\"high\" decoding=\"async\" width=\"1081\" height=\"1080\" src=\"https:\/\/dantemantovani.org\/wp-content\/uploads\/2026\/04\/wireframe-img-1-e1708013680578.png\" class=\"attachment-full size-full wp-image-35\" alt=\"\" srcset=\"https:\/\/dantemantovani.org\/wp-content\/uploads\/2026\/04\/wireframe-img-1-e1708013680578.png 1081w, https:\/\/dantemantovani.org\/wp-content\/uploads\/2026\/04\/wireframe-img-1-e1708013680578-300x300.png 300w, https:\/\/dantemantovani.org\/wp-content\/uploads\/2026\/04\/wireframe-img-1-e1708013680578-1024x1024.png 1024w, https:\/\/dantemantovani.org\/wp-content\/uploads\/2026\/04\/wireframe-img-1-e1708013680578-150x150.png 150w, https:\/\/dantemantovani.org\/wp-content\/uploads\/2026\/04\/wireframe-img-1-e1708013680578-768x767.png 768w\" sizes=\"(max-width: 1081px) 100vw, 1081px\" \/><\/figure><div class=\"elementor-image-box-content\"><h3 class=\"elementor-image-box-title\">29 de Fevereiro: Confer\u00eancia Internacional<\/h3><p class=\"elementor-image-box-description\">Confer\u00eancia internacional focada em m\u00fasica cl\u00e1ssica e suas intersec\u00e7\u00f5es com outras formas de arte. Uma plataforma para di\u00e1logos e troca de ideias entre profissionais e acad\u00eamicos.<\/p><\/div><\/div>\t\t\t\t<\/div>\n\t\t\t\t<\/div>\n\t\t\t\t<\/div>\n\t\t\t\t<\/div>\n\t\t\t\t\t<\/div>\n\t\t\t\t<\/div>\n\t\t<div class=\"elementor-element elementor-element-69cb08c e-flex e-con-boxed e-con e-parent\" data-id=\"69cb08c\" data-element_type=\"container\" data-e-type=\"container\" data-settings=\"{&quot;background_background&quot;:&quot;classic&quot;}\">\n\t\t\t\t\t<div class=\"e-con-inner\">\n\t\t<div class=\"elementor-element elementor-element-c4d9a03 e-flex e-con-boxed e-con e-child\" data-id=\"c4d9a03\" data-element_type=\"container\" data-e-type=\"container\">\n\t\t\t\t\t<div class=\"e-con-inner\">\n\t\t\t\t<div class=\"elementor-element elementor-element-0974780 elementor-widget elementor-widget-heading\" data-id=\"0974780\" data-element_type=\"widget\" data-e-type=\"widget\" data-widget_type=\"heading.default\">\n\t\t\t\t\t<h5 class=\"elementor-heading-title elementor-size-default\">Patrim\u00f4nio Cultural<\/h5>\t\t\t\t<\/div>\n\t\t\t\t<div class=\"elementor-element elementor-element-114d0ca elementor-widget elementor-widget-heading\" data-id=\"114d0ca\" data-element_type=\"widget\" data-e-type=\"widget\" data-widget_type=\"heading.default\">\n\t\t\t\t\t<h2 class=\"elementor-heading-title elementor-size-default\">Galeria de Artefatos<\/h2>\t\t\t\t<\/div>\n\t\t\t\t\t<\/div>\n\t\t\t\t<\/div>\n\t\t<div class=\"elementor-element elementor-element-5b681ef e-con-full e-flex e-con e-child\" data-id=\"5b681ef\" data-element_type=\"container\" data-e-type=\"container\">\n\t\t\t\t<div class=\"elementor-element elementor-element-30d8771 gallery-spacing-espa\u00e7amento padr\u00e3o elementor-widget elementor-widget-image-gallery\" data-id=\"30d8771\" data-element_type=\"widget\" data-e-type=\"widget\" data-widget_type=\"image-gallery.default\">\n\t\t\t\t\t\t\t<div class=\"elementor-image-gallery\">\n\t\t\t<div id='gallery-1' class='gallery galleryid-81 gallery-columns-4 gallery-size-large'><figure class='gallery-item'>\n\t\t\t<div class='gallery-icon landscape'>\n\t\t\t\t<a data-elementor-open-lightbox=\"yes\" data-elementor-lightbox-slideshow=\"30d8771\" data-elementor-lightbox-title=\"wireframe-img-02.png\" data-e-action-hash=\"#elementor-action%3Aaction%3Dlightbox%26settings%3DeyJpZCI6NDEsInVybCI6Imh0dHBzOlwvXC9kYW50ZW1hbnRvdmFuaS5vcmdcL3dwLWNvbnRlbnRcL3VwbG9hZHNcLzIwMjZcLzA0XC93aXJlZnJhbWUtaW1nLTAyLnBuZyIsInNsaWRlc2hvdyI6IjMwZDg3NzEifQ%3D%3D\" href='https:\/\/dantemantovani.org\/wp-content\/uploads\/2026\/04\/wireframe-img-02.png'><img decoding=\"async\" width=\"800\" height=\"450\" src=\"https:\/\/dantemantovani.org\/wp-content\/uploads\/2026\/04\/wireframe-img-02-1024x576.png\" class=\"attachment-large size-large\" alt=\"\" srcset=\"https:\/\/dantemantovani.org\/wp-content\/uploads\/2026\/04\/wireframe-img-02-1024x576.png 1024w, https:\/\/dantemantovani.org\/wp-content\/uploads\/2026\/04\/wireframe-img-02-300x169.png 300w, https:\/\/dantemantovani.org\/wp-content\/uploads\/2026\/04\/wireframe-img-02-768x432.png 768w, https:\/\/dantemantovani.org\/wp-content\/uploads\/2026\/04\/wireframe-img-02-1536x864.png 1536w, https:\/\/dantemantovani.org\/wp-content\/uploads\/2026\/04\/wireframe-img-02.png 1920w\" sizes=\"(max-width: 800px) 100vw, 800px\" \/><\/a>\n\t\t\t<\/div><\/figure><figure class='gallery-item'>\n\t\t\t<div class='gallery-icon landscape'>\n\t\t\t\t<a data-elementor-open-lightbox=\"yes\" data-elementor-lightbox-slideshow=\"30d8771\" data-elementor-lightbox-title=\"wireframe-img-03.png\" data-e-action-hash=\"#elementor-action%3Aaction%3Dlightbox%26settings%3DeyJpZCI6NDcsInVybCI6Imh0dHBzOlwvXC9kYW50ZW1hbnRvdmFuaS5vcmdcL3dwLWNvbnRlbnRcL3VwbG9hZHNcLzIwMjZcLzA0XC93aXJlZnJhbWUtaW1nLTAzLTEucG5nIiwic2xpZGVzaG93IjoiMzBkODc3MSJ9\" href='https:\/\/dantemantovani.org\/wp-content\/uploads\/2026\/04\/wireframe-img-03-1.png'><img decoding=\"async\" width=\"800\" height=\"450\" src=\"https:\/\/dantemantovani.org\/wp-content\/uploads\/2026\/04\/wireframe-img-03-1-1024x576.png\" class=\"attachment-large size-large\" alt=\"\" srcset=\"https:\/\/dantemantovani.org\/wp-content\/uploads\/2026\/04\/wireframe-img-03-1-1024x576.png 1024w, https:\/\/dantemantovani.org\/wp-content\/uploads\/2026\/04\/wireframe-img-03-1-300x169.png 300w, https:\/\/dantemantovani.org\/wp-content\/uploads\/2026\/04\/wireframe-img-03-1-768x432.png 768w, https:\/\/dantemantovani.org\/wp-content\/uploads\/2026\/04\/wireframe-img-03-1-1536x864.png 1536w, https:\/\/dantemantovani.org\/wp-content\/uploads\/2026\/04\/wireframe-img-03-1.png 1920w\" sizes=\"(max-width: 800px) 100vw, 800px\" \/><\/a>\n\t\t\t<\/div><\/figure><figure class='gallery-item'>\n\t\t\t<div class='gallery-icon landscape'>\n\t\t\t\t<a data-elementor-open-lightbox=\"yes\" data-elementor-lightbox-slideshow=\"30d8771\" data-elementor-lightbox-title=\"wireframe-img-04.png\" data-e-action-hash=\"#elementor-action%3Aaction%3Dlightbox%26settings%3DeyJpZCI6NTIsInVybCI6Imh0dHBzOlwvXC9kYW50ZW1hbnRvdmFuaS5vcmdcL3dwLWNvbnRlbnRcL3VwbG9hZHNcLzIwMjZcLzA0XC93aXJlZnJhbWUtaW1nLTA0LnBuZyIsInNsaWRlc2hvdyI6IjMwZDg3NzEifQ%3D%3D\" href='https:\/\/dantemantovani.org\/wp-content\/uploads\/2026\/04\/wireframe-img-04.png'><img loading=\"lazy\" decoding=\"async\" width=\"800\" height=\"450\" src=\"https:\/\/dantemantovani.org\/wp-content\/uploads\/2026\/04\/wireframe-img-04-1024x576.png\" class=\"attachment-large size-large\" alt=\"\" srcset=\"https:\/\/dantemantovani.org\/wp-content\/uploads\/2026\/04\/wireframe-img-04-1024x576.png 1024w, https:\/\/dantemantovani.org\/wp-content\/uploads\/2026\/04\/wireframe-img-04-300x169.png 300w, https:\/\/dantemantovani.org\/wp-content\/uploads\/2026\/04\/wireframe-img-04-768x432.png 768w, https:\/\/dantemantovani.org\/wp-content\/uploads\/2026\/04\/wireframe-img-04-1536x864.png 1536w, https:\/\/dantemantovani.org\/wp-content\/uploads\/2026\/04\/wireframe-img-04.png 1920w\" sizes=\"(max-width: 800px) 100vw, 800px\" \/><\/a>\n\t\t\t<\/div><\/figure><figure class='gallery-item'>\n\t\t\t<div class='gallery-icon landscape'>\n\t\t\t\t<a data-elementor-open-lightbox=\"yes\" data-elementor-lightbox-slideshow=\"30d8771\" data-elementor-lightbox-title=\"wireframe-img.png\" data-e-action-hash=\"#elementor-action%3Aaction%3Dlightbox%26settings%3DeyJpZCI6MzIsInVybCI6Imh0dHBzOlwvXC9kYW50ZW1hbnRvdmFuaS5vcmdcL3dwLWNvbnRlbnRcL3VwbG9hZHNcLzIwMjZcLzA0XC93aXJlZnJhbWUtaW1nLnBuZyIsInNsaWRlc2hvdyI6IjMwZDg3NzEifQ%3D%3D\" href='https:\/\/dantemantovani.org\/wp-content\/uploads\/2026\/04\/wireframe-img.png'><img loading=\"lazy\" decoding=\"async\" width=\"800\" height=\"450\" src=\"https:\/\/dantemantovani.org\/wp-content\/uploads\/2026\/04\/wireframe-img-1024x576.png\" class=\"attachment-large size-large\" alt=\"\" srcset=\"https:\/\/dantemantovani.org\/wp-content\/uploads\/2026\/04\/wireframe-img-1024x576.png 1024w, https:\/\/dantemantovani.org\/wp-content\/uploads\/2026\/04\/wireframe-img-300x169.png 300w, https:\/\/dantemantovani.org\/wp-content\/uploads\/2026\/04\/wireframe-img-768x432.png 768w, https:\/\/dantemantovani.org\/wp-content\/uploads\/2026\/04\/wireframe-img-1536x864.png 1536w, https:\/\/dantemantovani.org\/wp-content\/uploads\/2026\/04\/wireframe-img.png 1920w\" sizes=\"(max-width: 800px) 100vw, 800px\" \/><\/a>\n\t\t\t<\/div><\/figure>\n\t\t<\/div>\n\t\t<\/div>\n\t\t\t\t\t\t<\/div>\n\t\t\t\t<\/div>\n\t\t\t\t\t<\/div>\n\t\t\t\t<\/div>\n\t\t<div class=\"elementor-element elementor-element-ec8945a e-flex e-con-boxed e-con e-parent\" data-id=\"ec8945a\" data-element_type=\"container\" data-e-type=\"container\" data-settings=\"{&quot;background_background&quot;:&quot;classic&quot;}\">\n\t\t\t\t\t<div class=\"e-con-inner\">\n\t\t<div class=\"elementor-element elementor-element-46ee039 e-con-full e-flex e-con e-child\" data-id=\"46ee039\" data-element_type=\"container\" data-e-type=\"container\">\n\t\t\t\t<div class=\"elementor-element elementor-element-2daae10 elementor-widget elementor-widget-heading\" data-id=\"2daae10\" data-element_type=\"widget\" data-e-type=\"widget\" data-widget_type=\"heading.default\">\n\t\t\t\t\t<h2 class=\"elementor-heading-title elementor-size-default\">Depoimentos<\/h2>\t\t\t\t<\/div>\n\t\t\t\t<div class=\"elementor-element elementor-element-8a82dfc elementor-widget elementor-widget-heading\" data-id=\"8a82dfc\" data-element_type=\"widget\" data-e-type=\"widget\" data-widget_type=\"heading.default\">\n\t\t\t\t\t<h3 class=\"elementor-heading-title elementor-size-default\">Veja as opini\u00f5es de acad\u00eamicos e especialistas sobre nosso acervo.<\/h3>\t\t\t\t<\/div>\n\t\t\t\t<\/div>\n\t\t\t\t<div class=\"elementor-element elementor-element-c31a12c elementor-widget elementor-widget-testimonial-carousel\" data-id=\"c31a12c\" data-element_type=\"widget\" data-e-type=\"widget\" data-widget_type=\"testimonial-carousel.default\">\n\t\t\t\t<div class=\"elementor-widget-container\">\n\t\t\t\t\t \t\t\t\t<\/div>\n\t\t\t\t<\/div>\n\t\t\t\t\t<\/div>\n\t\t\t\t<\/div>\n\t\t<div class=\"elementor-element elementor-element-55e62db e-flex e-con-boxed e-con e-parent\" data-id=\"55e62db\" data-element_type=\"container\" data-e-type=\"container\">\n\t\t\t\t\t<div class=\"e-con-inner\">\n\t\t<div class=\"elementor-element elementor-element-0af060c e-flex e-con-boxed e-con e-child\" data-id=\"0af060c\" data-element_type=\"container\" data-e-type=\"container\" data-settings=\"{&quot;background_background&quot;:&quot;classic&quot;}\">\n\t\t\t\t\t<div class=\"e-con-inner\">\n\t\t\t\t<div class=\"elementor-element elementor-element-b7e3d01 elementor-widget elementor-widget-heading\" data-id=\"b7e3d01\" data-element_type=\"widget\" data-e-type=\"widget\" data-widget_type=\"heading.default\">\n\t\t\t\t\t<h2 class=\"elementor-heading-title elementor-size-default\">Explore os servi\u00e7os de consultoria cultural<\/h2>\t\t\t\t<\/div>\n\t\t\t\t<div class=\"elementor-element elementor-element-4cbe6b4 elementor-widget elementor-widget-text-editor\" data-id=\"4cbe6b4\" data-element_type=\"widget\" data-e-type=\"widget\" data-widget_type=\"text-editor.default\">\n\t\t\t\t\t\t\t\t\t<p>Descubra o impacto das nossas consultorias culturais sob a orienta\u00e7\u00e3o do Maestro Dante Mantovani. Com uma vasta experi\u00eancia no setor, oferecemos servi\u00e7os que promovem o entendimento e a aprecia\u00e7\u00e3o da m\u00fasica cl\u00e1ssica. Participe de masterclasses e cursos online que refletem a tradi\u00e7\u00e3o e a excel\u00eancia acad\u00eamica que s\u00e3o marcas registradas do nosso legado.<\/p>\t\t\t\t\t\t\t\t<\/div>\n\t\t\t\t<div class=\"elementor-element elementor-element-420ac91 elementor-widget__width-auto elementor-align-right elementor-widget elementor-widget-button\" data-id=\"420ac91\" data-element_type=\"widget\" data-e-type=\"widget\" data-widget_type=\"button.default\">\n\t\t\t\t\t\t\t\t\t\t<a class=\"elementor-button elementor-button-link elementor-size-sm\" href=\"#\">\n\t\t\t\t\t\t<span class=\"elementor-button-content-wrapper\">\n\t\t\t\t\t\t\t\t\t<span class=\"elementor-button-text\">Saiba Mais<\/span>\n\t\t\t\t\t<\/span>\n\t\t\t\t\t<\/a>\n\t\t\t\t\t\t\t\t<\/div>\n\t\t\t\t\t<\/div>\n\t\t\t\t<\/div>\n\t\t\t\t\t<\/div>\n\t\t\t\t<\/div>\n\t\t<div class=\"elementor-element elementor-element-a8eb24c e-flex e-con-boxed e-con e-parent\" data-id=\"a8eb24c\" data-element_type=\"container\" data-e-type=\"container\" data-settings=\"{&quot;background_background&quot;:&quot;classic&quot;}\">\n\t\t\t\t\t<div class=\"e-con-inner\">\n\t\t<div class=\"elementor-element elementor-element-940f117 e-con-full e-flex e-con e-child\" data-id=\"940f117\" data-element_type=\"container\" data-e-type=\"container\">\n\t\t\t\t<div class=\"elementor-element elementor-element-85fcc8e elementor-widget elementor-widget-heading\" data-id=\"85fcc8e\" data-element_type=\"widget\" data-e-type=\"widget\" data-widget_type=\"heading.default\">\n\t\t\t\t\t<h1 class=\"elementor-heading-title elementor-size-default\">Entre em Contato<\/h1>\t\t\t\t<\/div>\n\t\t\t\t<div class=\"elementor-element elementor-element-a29d211 elementor-widget elementor-widget-text-editor\" data-id=\"a29d211\" data-element_type=\"widget\" data-e-type=\"widget\" data-widget_type=\"text-editor.default\">\n\t\t\t\t\t\t\t\t\t<p>Por favor, preencha o formul\u00e1rio abaixo para que possamos responder suas perguntas ou atender a suas solicita\u00e7\u00f5es.<\/p>\t\t\t\t\t\t\t\t<\/div>\n\t\t\t\t<\/div>\n\t\t\t\t<div class=\"elementor-element elementor-element-ebf92f9 elementor-widget elementor-widget-form\" data-id=\"ebf92f9\" data-element_type=\"widget\" data-e-type=\"widget\" data-widget_type=\"form.default\">\n\t\t\t\t<div class=\"elementor-widget-container\">\n\t\t\t\t\t \t\t\t\t<\/div>\n\t\t\t\t<\/div>\n\t\t\t\t\t<\/div>\n\t\t\t\t<\/div>\n\t\t\t\t<\/div>\n\t\t","protected":false},"excerpt":{"rendered":"<p>Legado Musical Mestre da M\u00fasica Cl\u00e1ssica Explore o vasto acervo de Maestro Dante Mantovani, que reflete sua paix\u00e3o e contribui\u00e7\u00e3o para a m\u00fasica cl\u00e1ssica e a educa\u00e7\u00e3o art\u00edstica. Saiba Mais Visite a Galeria Legado Musical Supremo Linha do Tempo: Momentos Marquantes da M\u00fasica Cl\u00e1ssica A hist\u00f3ria da m\u00fasica cl\u00e1ssica est\u00e1 repleta de eventos fundamentais que [&hellip;]<\/p>\n","protected":false},"author":1,"featured_media":0,"parent":0,"menu_order":0,"comment_status":"closed","ping_status":"closed","template":"","meta":{"footnotes":""},"class_list":["post-81","page","type-page","status-publish","hentry"],"_links":{"self":[{"href":"https:\/\/dantemantovani.org\/index.php?rest_route=\/wp\/v2\/pages\/81","targetHints":{"allow":["GET"]}}],"collection":[{"href":"https:\/\/dantemantovani.org\/index.php?rest_route=\/wp\/v2\/pages"}],"about":[{"href":"https:\/\/dantemantovani.org\/index.php?rest_route=\/wp\/v2\/types\/page"}],"author":[{"embeddable":true,"href":"https:\/\/dantemantovani.org\/index.php?rest_route=\/wp\/v2\/users\/1"}],"replies":[{"embeddable":true,"href":"https:\/\/dantemantovani.org\/index.php?rest_route=%2Fwp%2Fv2%2Fcomments&post=81"}],"version-history":[{"count":1,"href":"https:\/\/dantemantovani.org\/index.php?rest_route=\/wp\/v2\/pages\/81\/revisions"}],"predecessor-version":[{"id":91,"href":"https:\/\/dantemantovani.org\/index.php?rest_route=\/wp\/v2\/pages\/81\/revisions\/91"}],"wp:attachment":[{"href":"https:\/\/dantemantovani.org\/index.php?rest_route=%2Fwp%2Fv2%2Fmedia&parent=81"}],"curies":[{"name":"wp","href":"https:\/\/api.w.org\/{rel}","templated":true}]}}