{"id":74,"date":"2026-04-07T11:47:46","date_gmt":"2026-04-07T14:47:46","guid":{"rendered":"https:\/\/dantemantovani.org\/?page_id=74"},"modified":"2026-04-07T11:47:48","modified_gmt":"2026-04-07T14:47:48","slug":"artigos-2","status":"publish","type":"page","link":"https:\/\/dantemantovani.org\/?page_id=74","title":{"rendered":"Artigos"},"content":{"rendered":"\t\t<div data-elementor-type=\"wp-page\" data-elementor-id=\"74\" class=\"elementor elementor-74\">\n\t\t\t\t<div class=\"elementor-element elementor-element-9959e86 e-flex e-con-boxed e-con e-parent\" data-id=\"9959e86\" data-element_type=\"container\" data-e-type=\"container\" data-settings=\"{&quot;background_background&quot;:&quot;classic&quot;}\">\n\t\t\t\t\t<div class=\"e-con-inner\">\n\t\t<div class=\"elementor-element elementor-element-b7e9c06 e-con-full e-flex e-con e-child\" data-id=\"b7e9c06\" data-element_type=\"container\" data-e-type=\"container\">\n\t\t\t\t<div class=\"elementor-element elementor-element-b36bf93 elementor-widget elementor-widget-heading\" data-id=\"b36bf93\" data-element_type=\"widget\" data-e-type=\"widget\" data-widget_type=\"heading.default\">\n\t\t\t\t\t<h2 class=\"elementor-heading-title elementor-size-default\">Descubra o Legado de Dante Mantovani<\/h2>\t\t\t\t<\/div>\n\t\t\t\t<div class=\"elementor-element elementor-element-7cfe86f elementor-widget elementor-widget-text-editor\" data-id=\"7cfe86f\" data-element_type=\"widget\" data-e-type=\"widget\" data-widget_type=\"text-editor.default\">\n\t\t\t\t\t\t\t\t\t<p>Aproveite esta oportunidade para explorar o vasto legado cultural de Dante Mantovani. Com uma trajet\u00f3ria marcada por conquistas na m\u00fasica cl\u00e1ssica e uma contribui\u00e7\u00e3o significativa \u00e0 gest\u00e3o cultural, cada artigo e pesquisa aqui divulgados refletem seu impacto duradouro. Convidamos voc\u00ea a mergulhar neste universo de conhecimento e inspira\u00e7\u00e3o, onde a m\u00fasica \u00e9 ve\u00edculo de transforma\u00e7\u00e3o social e educa\u00e7\u00e3o.<\/p>\t\t\t\t\t\t\t\t<\/div>\n\t\t\t\t<\/div>\n\t\t\t\t\t<\/div>\n\t\t\t\t<\/div>\n\t\t<div class=\"elementor-element elementor-element-adac303 e-flex e-con-boxed e-con e-parent\" data-id=\"adac303\" data-element_type=\"container\" data-e-type=\"container\">\n\t\t\t\t\t<div class=\"e-con-inner\">\n\t\t<div class=\"elementor-element elementor-element-6abaf2a e-con-full e-flex e-con e-child\" data-id=\"6abaf2a\" data-element_type=\"container\" data-e-type=\"container\">\n\t\t\t\t<div class=\"elementor-element elementor-element-f5b5304 elementor-widget elementor-widget-heading\" data-id=\"f5b5304\" data-element_type=\"widget\" data-e-type=\"widget\" data-widget_type=\"heading.default\">\n\t\t\t\t\t<h2 class=\"elementor-heading-title elementor-size-default\">Artigos Relevantes<\/h2>\t\t\t\t<\/div>\n\t\t\t\t<div class=\"elementor-element elementor-element-7fcb79c elementor-widget elementor-widget-text-editor\" data-id=\"7fcb79c\" data-element_type=\"widget\" data-e-type=\"widget\" data-widget_type=\"text-editor.default\">\n\t\t\t\t\t\t\t\t\t<p>Explore nossos artigos selecionados que destacam a interse\u00e7\u00e3o entre a m\u00fasica cl\u00e1ssica e a cultura contempor\u00e2nea. Cada texto foi cuidadosamente elaborado para enriquecer sua compreens\u00e3o e aprecia\u00e7\u00e3o do legado musical de Maestro Dante Mantovani.<\/p>\t\t\t\t\t\t\t\t<\/div>\n\t\t\t\t<\/div>\n\t\t<div class=\"elementor-element elementor-element-3a26540 e-con-full e-flex e-con e-child\" data-id=\"3a26540\" data-element_type=\"container\" data-e-type=\"container\">\n\t\t\t\t<div class=\"elementor-element elementor-element-af841e1 elementor-widget elementor-widget-heading\" data-id=\"af841e1\" data-element_type=\"widget\" data-e-type=\"widget\" data-widget_type=\"heading.default\">\n\t\t\t\t\t<h2 class=\"elementor-heading-title elementor-size-default\">Conte\u00fado Inspirador<\/h2>\t\t\t\t<\/div>\n\t\t\t\t<div class=\"elementor-element elementor-element-6660413 elementor-widget elementor-widget-text-editor\" data-id=\"6660413\" data-element_type=\"widget\" data-e-type=\"widget\" data-widget_type=\"text-editor.default\">\n\t\t\t\t\t\t\t\t\t<p>Navegue por temas que abordam a hist\u00f3ria e a import\u00e2ncia da m\u00fasica erudita, revelando a profundidade das obras que moldaram a cultura. Fique por dentro de novas perspectivas sobre o papel da m\u00fasica na sociedade moderna.<\/p>\t\t\t\t\t\t\t\t<\/div>\n\t\t\t\t<\/div>\n\t\t<div class=\"elementor-element elementor-element-9befbc8 e-con-full e-flex e-con e-child\" data-id=\"9befbc8\" data-element_type=\"container\" data-e-type=\"container\">\n\t\t\t\t<div class=\"elementor-element elementor-element-0d4d5ea elementor-widget elementor-widget-heading\" data-id=\"0d4d5ea\" data-element_type=\"widget\" data-e-type=\"widget\" data-widget_type=\"heading.default\">\n\t\t\t\t\t<h2 class=\"elementor-heading-title elementor-size-default\">Publica\u00e7\u00f5es Acad\u00eamicas<\/h2>\t\t\t\t<\/div>\n\t\t\t\t<div class=\"elementor-element elementor-element-4db0716 elementor-widget elementor-widget-text-editor\" data-id=\"4db0716\" data-element_type=\"widget\" data-e-type=\"widget\" data-widget_type=\"text-editor.default\">\n\t\t\t\t\t\t\t\t\t<p>Descubra pesquisas e textos acad\u00eamicos que aprofundam o estudo da m\u00fasica cl\u00e1ssica e sua influ\u00eancia na educa\u00e7\u00e3o e cultura. Estas publica\u00e7\u00f5es oferecem um olhar cr\u00edtico sobre o legado de Maestro Dante Mantovani e seu impacto cont\u00ednuo.<\/p>\t\t\t\t\t\t\t\t<\/div>\n\t\t\t\t<\/div>\n\t\t\t\t\t<\/div>\n\t\t\t\t<\/div>\n\t\t<div class=\"elementor-element elementor-element-edc91cc e-flex e-con-boxed e-con e-parent\" data-id=\"edc91cc\" data-element_type=\"container\" data-e-type=\"container\">\n\t\t\t\t\t<div class=\"e-con-inner\">\n\t\t<div class=\"elementor-element elementor-element-62d4ba8 e-con-full e-flex e-con e-child\" data-id=\"62d4ba8\" data-element_type=\"container\" data-e-type=\"container\">\n\t\t<div class=\"elementor-element elementor-element-6aac3a4 e-con-full e-flex e-con e-child\" data-id=\"6aac3a4\" data-element_type=\"container\" data-e-type=\"container\">\n\t\t\t\t<div class=\"elementor-element elementor-element-c98cf63 elementor-widget elementor-widget-heading\" data-id=\"c98cf63\" data-element_type=\"widget\" data-e-type=\"widget\" data-widget_type=\"heading.default\">\n\t\t\t\t\t<h2 class=\"elementor-heading-title elementor-size-default\">Artigos e Publica\u00e7\u00f5es<\/h2>\t\t\t\t<\/div>\n\t\t\t\t<div class=\"elementor-element elementor-element-65c3785 elementor-widget elementor-widget-heading\" data-id=\"65c3785\" data-element_type=\"widget\" data-e-type=\"widget\" data-widget_type=\"heading.default\">\n\t\t\t\t\t<h5 class=\"elementor-heading-title elementor-size-default\">Explora\u00e7\u00f5es acad\u00eamicas e culturais na m\u00fasica cl\u00e1ssica.<\/h5>\t\t\t\t<\/div>\n\t\t\t\t<\/div>\n\t\t<div class=\"elementor-element elementor-element-ff6683b e-con-full e-flex e-con e-child\" data-id=\"ff6683b\" data-element_type=\"container\" data-e-type=\"container\">\n\t\t\t\t<div class=\"elementor-element elementor-element-8217732 elementor-widget__width-auto elementor-align-right elementor-widget elementor-widget-button\" data-id=\"8217732\" data-element_type=\"widget\" data-e-type=\"widget\" data-widget_type=\"button.default\">\n\t\t\t\t\t\t\t\t\t\t<a class=\"elementor-button elementor-button-link elementor-size-sm\" href=\"#\">\n\t\t\t\t\t\t<span class=\"elementor-button-content-wrapper\">\n\t\t\t\t\t\t\t\t\t<span class=\"elementor-button-text\">Ver todos<\/span>\n\t\t\t\t\t<\/span>\n\t\t\t\t\t<\/a>\n\t\t\t\t\t\t\t\t<\/div>\n\t\t\t\t<\/div>\n\t\t\t\t<\/div>\n\t\t\t\t<div class=\"elementor-element elementor-element-1026fd3 elementor-widget elementor-widget-posts\" data-id=\"1026fd3\" data-element_type=\"widget\" data-e-type=\"widget\" data-widget_type=\"posts.default\">\n\t\t\t\t<div class=\"elementor-widget-container\">\n\t\t\t\t\t \t\t\t\t<\/div>\n\t\t\t\t<\/div>\n\t\t\t\t\t<\/div>\n\t\t\t\t<\/div>\n\t\t<div class=\"elementor-element elementor-element-de03d44 e-con-full e-flex e-con e-parent\" data-id=\"de03d44\" data-element_type=\"container\" data-e-type=\"container\">\n\t\t<div class=\"elementor-element elementor-element-d01937b e-con-full e-flex e-con e-child\" data-id=\"d01937b\" data-element_type=\"container\" data-e-type=\"container\">\n\t\t\t\t<div class=\"elementor-element elementor-element-7c4b24e elementor-widget elementor-widget-call-to-action\" data-id=\"7c4b24e\" data-element_type=\"widget\" data-e-type=\"widget\" data-widget_type=\"call-to-action.default\">\n\t\t\t\t<div class=\"elementor-widget-container\">\n\t\t\t\t\t \t\t\t\t<\/div>\n\t\t\t\t<\/div>\n\t\t\t\t<\/div>\n\t\t<div class=\"elementor-element elementor-element-8c69c24 e-con-full e-flex e-con e-child\" data-id=\"8c69c24\" data-element_type=\"container\" data-e-type=\"container\" data-settings=\"{&quot;background_background&quot;:&quot;classic&quot;}\">\n\t\t\t\t<div class=\"elementor-element elementor-element-ca59447 elementor-widget elementor-widget-heading\" data-id=\"ca59447\" data-element_type=\"widget\" data-e-type=\"widget\" data-widget_type=\"heading.default\">\n\t\t\t\t\t<h2 class=\"elementor-heading-title elementor-size-default\">Inscreva-se e receba novidades sobre nosso legado<\/h2>\t\t\t\t<\/div>\n\t\t\t\t<div class=\"elementor-element elementor-element-a7962cb elementor-widget__width-auto elementor-widget elementor-widget-button\" data-id=\"a7962cb\" data-element_type=\"widget\" data-e-type=\"widget\" data-widget_type=\"button.default\">\n\t\t\t\t\t\t\t\t\t\t<a class=\"elementor-button elementor-button-link elementor-size-sm\" href=\"#\">\n\t\t\t\t\t\t<span class=\"elementor-button-content-wrapper\">\n\t\t\t\t\t\t\t\t\t<span class=\"elementor-button-text\">Assinar<\/span>\n\t\t\t\t\t<\/span>\n\t\t\t\t\t<\/a>\n\t\t\t\t\t\t\t\t<\/div>\n\t\t\t\t<\/div>\n\t\t\t\t<\/div>\n\t\t<div class=\"elementor-element elementor-element-6b280a7 e-flex e-con-boxed e-con e-parent\" data-id=\"6b280a7\" data-element_type=\"container\" data-e-type=\"container\" data-settings=\"{&quot;background_background&quot;:&quot;classic&quot;}\">\n\t\t\t\t\t<div class=\"e-con-inner\">\n\t\t<div class=\"elementor-element elementor-element-51cff11 e-flex e-con-boxed e-con e-child\" data-id=\"51cff11\" data-element_type=\"container\" data-e-type=\"container\">\n\t\t\t\t\t<div class=\"e-con-inner\">\n\t\t\t\t<div class=\"elementor-element elementor-element-1fbb9a4 elementor-widget elementor-widget-heading\" data-id=\"1fbb9a4\" data-element_type=\"widget\" data-e-type=\"widget\" data-widget_type=\"heading.default\">\n\t\t\t\t\t<h2 class=\"elementor-heading-title elementor-size-default\">Depoimentos de nossos leitores<\/h2>\t\t\t\t<\/div>\n\t\t\t\t<div class=\"elementor-element elementor-element-64bc065 elementor-widget elementor-widget-heading\" data-id=\"64bc065\" data-element_type=\"widget\" data-e-type=\"widget\" data-widget_type=\"heading.default\">\n\t\t\t\t\t<h3 class=\"elementor-heading-title elementor-size-default\">Nossos leitores exaltam a qualidade; confira suas considera\u00e7\u00f5es!<\/h3>\t\t\t\t<\/div>\n\t\t\t\t\t<\/div>\n\t\t\t\t<\/div>\n\t\t<div class=\"elementor-element elementor-element-59be764 e-flex e-con-boxed e-con e-child\" data-id=\"59be764\" data-element_type=\"container\" data-e-type=\"container\">\n\t\t\t\t\t<div class=\"e-con-inner\">\n\t\t\t\t<div class=\"elementor-element elementor-element-13d81c5 elementor-widget__width-initial elementor-widget-mobile__width-inherit elementor-widget elementor-widget-testimonial\" data-id=\"13d81c5\" data-element_type=\"widget\" data-e-type=\"widget\" data-widget_type=\"testimonial.default\">\n\t\t\t\t\t\t\t<div class=\"elementor-testimonial-wrapper\">\n\t\t\t\t\t\t\t<div class=\"elementor-testimonial-content\">\u201cUm servi\u00e7o excepcional, com suporte \u00e1gil e resposta r\u00e1pida; certamente utilizarei novamente!\u201d<\/div>\n\t\t\t\n\t\t\t\t\t\t<div class=\"elementor-testimonial-meta elementor-has-image elementor-testimonial-image-position-aside\">\n\t\t\t\t<div class=\"elementor-testimonial-meta-inner\">\n\t\t\t\t\t\t\t\t\t\t\t<div class=\"elementor-testimonial-image\">\n\t\t\t\t\t\t\t<img fetchpriority=\"high\" decoding=\"async\" width=\"1081\" height=\"1080\" src=\"https:\/\/dantemantovani.org\/wp-content\/uploads\/2026\/04\/wireframe-img-1-e1708013680578.png\" class=\"attachment-full size-full wp-image-35\" alt=\"\" srcset=\"https:\/\/dantemantovani.org\/wp-content\/uploads\/2026\/04\/wireframe-img-1-e1708013680578.png 1081w, https:\/\/dantemantovani.org\/wp-content\/uploads\/2026\/04\/wireframe-img-1-e1708013680578-300x300.png 300w, https:\/\/dantemantovani.org\/wp-content\/uploads\/2026\/04\/wireframe-img-1-e1708013680578-1024x1024.png 1024w, https:\/\/dantemantovani.org\/wp-content\/uploads\/2026\/04\/wireframe-img-1-e1708013680578-150x150.png 150w, https:\/\/dantemantovani.org\/wp-content\/uploads\/2026\/04\/wireframe-img-1-e1708013680578-768x767.png 768w\" sizes=\"(max-width: 1081px) 100vw, 1081px\" \/>\t\t\t\t\t\t<\/div>\n\t\t\t\t\t\n\t\t\t\t\t\t\t\t\t\t<div class=\"elementor-testimonial-details\">\n\t\t\t\t\t\t\t\t\t\t\t\t\t\t<div class=\"elementor-testimonial-name\">Maria Silva<\/div>\n\t\t\t\t\t\t\t\t\t\t\t\t\t\t\t\t\t\t\t\t\t\t<div class=\"elementor-testimonial-job\">Pesquisadora | UFMG<\/div>\n\t\t\t\t\t\t\t\t\t\t\t\t\t<\/div>\n\t\t\t\t\t\t\t\t\t<\/div>\n\t\t\t<\/div>\n\t\t\t\t\t<\/div>\n\t\t\t\t\t\t<\/div>\n\t\t\t\t<div class=\"elementor-element elementor-element-e6d7b92 elementor-widget__width-initial elementor-widget-mobile__width-inherit elementor-widget elementor-widget-testimonial\" data-id=\"e6d7b92\" data-element_type=\"widget\" data-e-type=\"widget\" data-widget_type=\"testimonial.default\">\n\t\t\t\t\t\t\t<div class=\"elementor-testimonial-wrapper\">\n\t\t\t\t\t\t\t<div class=\"elementor-testimonial-content\">\u201cAtendimento exemplar e apoio cont\u00ednuo; com certeza voltarei a utilizar seus servi\u00e7os!\u201d<\/div>\n\t\t\t\n\t\t\t\t\t\t<div class=\"elementor-testimonial-meta elementor-has-image elementor-testimonial-image-position-aside\">\n\t\t\t\t<div class=\"elementor-testimonial-meta-inner\">\n\t\t\t\t\t\t\t\t\t\t\t<div class=\"elementor-testimonial-image\">\n\t\t\t\t\t\t\t<img fetchpriority=\"high\" decoding=\"async\" width=\"1081\" height=\"1080\" src=\"https:\/\/dantemantovani.org\/wp-content\/uploads\/2026\/04\/wireframe-img-1-e1708013680578.png\" class=\"attachment-full size-full wp-image-35\" alt=\"\" srcset=\"https:\/\/dantemantovani.org\/wp-content\/uploads\/2026\/04\/wireframe-img-1-e1708013680578.png 1081w, https:\/\/dantemantovani.org\/wp-content\/uploads\/2026\/04\/wireframe-img-1-e1708013680578-300x300.png 300w, https:\/\/dantemantovani.org\/wp-content\/uploads\/2026\/04\/wireframe-img-1-e1708013680578-1024x1024.png 1024w, https:\/\/dantemantovani.org\/wp-content\/uploads\/2026\/04\/wireframe-img-1-e1708013680578-150x150.png 150w, https:\/\/dantemantovani.org\/wp-content\/uploads\/2026\/04\/wireframe-img-1-e1708013680578-768x767.png 768w\" sizes=\"(max-width: 1081px) 100vw, 1081px\" \/>\t\t\t\t\t\t<\/div>\n\t\t\t\t\t\n\t\t\t\t\t\t\t\t\t\t<div class=\"elementor-testimonial-details\">\n\t\t\t\t\t\t\t\t\t\t\t\t\t\t<div class=\"elementor-testimonial-name\">Jo\u00e3o Pereira<\/div>\n\t\t\t\t\t\t\t\t\t\t\t\t\t\t\t\t\t\t\t\t\t\t<div class=\"elementor-testimonial-job\">Jornalista | Folha de S.P.<\/div>\n\t\t\t\t\t\t\t\t\t\t\t\t\t<\/div>\n\t\t\t\t\t\t\t\t\t<\/div>\n\t\t\t<\/div>\n\t\t\t\t\t<\/div>\n\t\t\t\t\t\t<\/div>\n\t\t\t\t<div class=\"elementor-element elementor-element-626f9bc elementor-widget__width-initial elementor-widget-mobile__width-inherit elementor-widget elementor-widget-testimonial\" data-id=\"626f9bc\" data-element_type=\"widget\" data-e-type=\"widget\" data-widget_type=\"testimonial.default\">\n\t\t\t\t\t\t\t<div class=\"elementor-testimonial-wrapper\">\n\t\t\t\t\t\t\t<div class=\"elementor-testimonial-content\">\u201cServi\u00e7o de alta qualidade e suporte sempre presente, certamente voltarei!\u201d<\/div>\n\t\t\t\n\t\t\t\t\t\t<div class=\"elementor-testimonial-meta elementor-has-image elementor-testimonial-image-position-aside\">\n\t\t\t\t<div class=\"elementor-testimonial-meta-inner\">\n\t\t\t\t\t\t\t\t\t\t\t<div class=\"elementor-testimonial-image\">\n\t\t\t\t\t\t\t<img fetchpriority=\"high\" decoding=\"async\" width=\"1081\" height=\"1080\" src=\"https:\/\/dantemantovani.org\/wp-content\/uploads\/2026\/04\/wireframe-img-1-e1708013680578.png\" class=\"attachment-full size-full wp-image-35\" alt=\"\" srcset=\"https:\/\/dantemantovani.org\/wp-content\/uploads\/2026\/04\/wireframe-img-1-e1708013680578.png 1081w, https:\/\/dantemantovani.org\/wp-content\/uploads\/2026\/04\/wireframe-img-1-e1708013680578-300x300.png 300w, https:\/\/dantemantovani.org\/wp-content\/uploads\/2026\/04\/wireframe-img-1-e1708013680578-1024x1024.png 1024w, https:\/\/dantemantovani.org\/wp-content\/uploads\/2026\/04\/wireframe-img-1-e1708013680578-150x150.png 150w, https:\/\/dantemantovani.org\/wp-content\/uploads\/2026\/04\/wireframe-img-1-e1708013680578-768x767.png 768w\" sizes=\"(max-width: 1081px) 100vw, 1081px\" \/>\t\t\t\t\t\t<\/div>\n\t\t\t\t\t\n\t\t\t\t\t\t\t\t\t\t<div class=\"elementor-testimonial-details\">\n\t\t\t\t\t\t\t\t\t\t\t\t\t\t<div class=\"elementor-testimonial-name\">Ana Costa<\/div>\n\t\t\t\t\t\t\t\t\t\t\t\t\t\t\t\t\t\t\t\t\t\t<div class=\"elementor-testimonial-job\">Produtora Cultural | ArtRio<\/div>\n\t\t\t\t\t\t\t\t\t\t\t\t\t<\/div>\n\t\t\t\t\t\t\t\t\t<\/div>\n\t\t\t<\/div>\n\t\t\t\t\t<\/div>\n\t\t\t\t\t\t<\/div>\n\t\t\t\t<div class=\"elementor-element elementor-element-cb3d372 elementor-widget__width-initial elementor-widget-mobile__width-inherit elementor-widget elementor-widget-testimonial\" data-id=\"cb3d372\" data-element_type=\"widget\" data-e-type=\"widget\" data-widget_type=\"testimonial.default\">\n\t\t\t\t\t\t\t<div class=\"elementor-testimonial-wrapper\">\n\t\t\t\t\t\t\t<div class=\"elementor-testimonial-content\">\u201cExcelente apoio e servi\u00e7os prestados; recomendo a todos os colegas!\u201d<\/div>\n\t\t\t\n\t\t\t\t\t\t<div class=\"elementor-testimonial-meta elementor-has-image elementor-testimonial-image-position-aside\">\n\t\t\t\t<div class=\"elementor-testimonial-meta-inner\">\n\t\t\t\t\t\t\t\t\t\t\t<div class=\"elementor-testimonial-image\">\n\t\t\t\t\t\t\t<img fetchpriority=\"high\" decoding=\"async\" width=\"1081\" height=\"1080\" src=\"https:\/\/dantemantovani.org\/wp-content\/uploads\/2026\/04\/wireframe-img-1-e1708013680578.png\" class=\"attachment-full size-full wp-image-35\" alt=\"\" srcset=\"https:\/\/dantemantovani.org\/wp-content\/uploads\/2026\/04\/wireframe-img-1-e1708013680578.png 1081w, https:\/\/dantemantovani.org\/wp-content\/uploads\/2026\/04\/wireframe-img-1-e1708013680578-300x300.png 300w, https:\/\/dantemantovani.org\/wp-content\/uploads\/2026\/04\/wireframe-img-1-e1708013680578-1024x1024.png 1024w, https:\/\/dantemantovani.org\/wp-content\/uploads\/2026\/04\/wireframe-img-1-e1708013680578-150x150.png 150w, https:\/\/dantemantovani.org\/wp-content\/uploads\/2026\/04\/wireframe-img-1-e1708013680578-768x767.png 768w\" sizes=\"(max-width: 1081px) 100vw, 1081px\" \/>\t\t\t\t\t\t<\/div>\n\t\t\t\t\t\n\t\t\t\t\t\t\t\t\t\t<div class=\"elementor-testimonial-details\">\n\t\t\t\t\t\t\t\t\t\t\t\t\t\t<div class=\"elementor-testimonial-name\">Lucas Almeida<\/div>\n\t\t\t\t\t\t\t\t\t\t\t\t\t\t\t\t\t\t\t\t\t\t<div class=\"elementor-testimonial-job\">Diretor | Teatro Municipal<\/div>\n\t\t\t\t\t\t\t\t\t\t\t\t\t<\/div>\n\t\t\t\t\t\t\t\t\t<\/div>\n\t\t\t<\/div>\n\t\t\t\t\t<\/div>\n\t\t\t\t\t\t<\/div>\n\t\t\t\t\t<\/div>\n\t\t\t\t<\/div>\n\t\t\t\t\t<\/div>\n\t\t\t\t<\/div>\n\t\t\t\t<\/div>\n\t\t","protected":false},"excerpt":{"rendered":"<p>Descubra o Legado de Dante Mantovani Aproveite esta oportunidade para explorar o vasto legado cultural de Dante Mantovani. Com uma trajet\u00f3ria marcada por conquistas na m\u00fasica cl\u00e1ssica e uma contribui\u00e7\u00e3o significativa \u00e0 gest\u00e3o cultural, cada artigo e pesquisa aqui divulgados refletem seu impacto duradouro. Convidamos voc\u00ea a mergulhar neste universo de conhecimento e inspira\u00e7\u00e3o, onde [&hellip;]<\/p>\n","protected":false},"author":1,"featured_media":0,"parent":0,"menu_order":0,"comment_status":"closed","ping_status":"closed","template":"","meta":{"footnotes":""},"class_list":["post-74","page","type-page","status-publish","hentry"],"_links":{"self":[{"href":"https:\/\/dantemantovani.org\/index.php?rest_route=\/wp\/v2\/pages\/74","targetHints":{"allow":["GET"]}}],"collection":[{"href":"https:\/\/dantemantovani.org\/index.php?rest_route=\/wp\/v2\/pages"}],"about":[{"href":"https:\/\/dantemantovani.org\/index.php?rest_route=\/wp\/v2\/types\/page"}],"author":[{"embeddable":true,"href":"https:\/\/dantemantovani.org\/index.php?rest_route=\/wp\/v2\/users\/1"}],"replies":[{"embeddable":true,"href":"https:\/\/dantemantovani.org\/index.php?rest_route=%2Fwp%2Fv2%2Fcomments&post=74"}],"version-history":[{"count":1,"href":"https:\/\/dantemantovani.org\/index.php?rest_route=\/wp\/v2\/pages\/74\/revisions"}],"predecessor-version":[{"id":83,"href":"https:\/\/dantemantovani.org\/index.php?rest_route=\/wp\/v2\/pages\/74\/revisions\/83"}],"wp:attachment":[{"href":"https:\/\/dantemantovani.org\/index.php?rest_route=%2Fwp%2Fv2%2Fmedia&parent=74"}],"curies":[{"name":"wp","href":"https:\/\/api.w.org\/{rel}","templated":true}]}}